{"id":3433,"date":"2018-12-10T15:00:51","date_gmt":"2018-12-10T15:00:51","guid":{"rendered":"http:\/\/sutusummit.com\/about\/"},"modified":"2022-06-03T07:14:20","modified_gmt":"2022-06-03T07:14:20","slug":"acerca-de","status":"publish","type":"page","link":"https:\/\/sutusummit.com\/es\/acerca-de\/","title":{"rendered":"Acerca de"},"content":{"rendered":"<h2>\u00bfQU\u00c9 ES SUTUS?<\/h2>\n<h3>No hay mayor lujo que vivir experiencias realmente exclusivas<\/h3>\n<p><strong>SUTUS<\/strong>\u00a0es el primer evento que re\u00fane lo mejor del\u00a0<strong>Turismo Espacial<\/strong>\u00a0y del\u00a0<strong>Turismo Subacu\u00e1tico<\/strong>\u00a0a escala mundial. Al ser un evento sobre Turismo Espacial y Subacu\u00e1tico,\u00a0<strong>SUTUS<\/strong>\u00a0rompe los condicionamientos de las fronteras naturales superando los l\u00edmites m\u00e1s all\u00e1 de los continentes. SUTUS nace con la\u00a0<strong>vocaci\u00f3n de ser la primera referencia internacional desde esta perspectiva, reforzando el protagonismo de Espa\u00f1a como l\u00edder actual y tambi\u00e9n futuro del sector.<\/strong><\/p>\n","protected":false},"excerpt":{"rendered":"<p>\u00bfQU\u00c9 ES SUTUS? No hay mayor lujo que vivir experiencias realmente exclusivas SUTUS\u00a0es el primer evento que re\u00fane lo mejor del\u00a0Turismo Espacial\u00a0y del\u00a0Turismo Subacu\u00e1tico\u00a0a escala mundial. Al ser un evento sobre Turismo Espacial y Subacu\u00e1tico,\u00a0SUTUS\u00a0rompe los condicionamientos de las fronteras naturales superando los l\u00edmites m\u00e1s all\u00e1 de los continentes. SUTUS nace con la\u00a0vocaci\u00f3n de ser [&hellip;]<\/p>\n","protected":false},"author":4,"featured_media":5117,"parent":0,"menu_order":19,"comment_status":"closed","ping_status":"closed","template":"about-template.php","meta":{"_acf_changed":false,"footnotes":""},"class_list":["post-3433","page","type-page","status-publish","has-post-thumbnail","hentry"],"acf":[],"yoast_head":"<!-- This site is optimized with the Yoast SEO plugin v27.5 - https:\/\/yoast.com\/product\/yoast-seo-wordpress\/ -->\n<title>Acerca de - Space &amp; Underwater Tourism Universal Summit<\/title>\n<meta name=\"robots\" content=\"index, follow, max-snippet:-1, max-image-preview:large, max-video-preview:-1\" \/>\n<link rel=\"canonical\" href=\"https:\/\/sutusummit.com\/es\/acerca-de\/\" \/>\n<meta property=\"og:locale\" content=\"es_ES\" \/>\n<meta property=\"og:type\" content=\"article\" \/>\n<meta property=\"og:title\" content=\"Acerca de - Space &amp; Underwater Tourism Universal Summit\" \/>\n<meta property=\"og:description\" content=\"\u00bfQU\u00c9 ES SUTUS? No hay mayor lujo que vivir experiencias realmente exclusivas SUTUS\u00a0es el primer evento que re\u00fane lo mejor del\u00a0Turismo Espacial\u00a0y del\u00a0Turismo Subacu\u00e1tico\u00a0a escala mundial. Al ser un evento sobre Turismo Espacial y Subacu\u00e1tico,\u00a0SUTUS\u00a0rompe los condicionamientos de las fronteras naturales superando los l\u00edmites m\u00e1s all\u00e1 de los continentes. SUTUS nace con la\u00a0vocaci\u00f3n de ser [&hellip;]\" \/>\n<meta property=\"og:url\" content=\"https:\/\/sutusummit.com\/es\/acerca-de\/\" \/>\n<meta property=\"og:site_name\" content=\"SUTUS\" \/>\n<meta property=\"article:modified_time\" content=\"2022-06-03T07:14:20+00:00\" \/>\n<meta property=\"og:image\" content=\"https:\/\/sutusummit.com\/web\/wp-content\/uploads\/2021\/08\/iStock-1198099008-scaled.jpg\" \/>\n\t<meta property=\"og:image:width\" content=\"2560\" \/>\n\t<meta property=\"og:image:height\" content=\"1707\" \/>\n\t<meta property=\"og:image:type\" content=\"image\/jpeg\" \/>\n<meta name=\"twitter:card\" content=\"summary_large_image\" \/>\n<meta name=\"twitter:label1\" content=\"Tiempo de lectura\" \/>\n\t<meta name=\"twitter:data1\" content=\"3 minutos\" \/>\n<script type=\"application\/ld+json\" class=\"yoast-schema-graph\">{\"@context\":\"https:\\\/\\\/schema.org\",\"@graph\":[{\"@type\":\"WebPage\",\"@id\":\"https:\\\/\\\/sutusummit.com\\\/es\\\/acerca-de\\\/\",\"url\":\"https:\\\/\\\/sutusummit.com\\\/es\\\/acerca-de\\\/\",\"name\":\"Acerca de - Space & Underwater Tourism Universal Summit\",\"isPartOf\":{\"@id\":\"https:\\\/\\\/sutusummit.com\\\/#website\"},\"primaryImageOfPage\":{\"@id\":\"https:\\\/\\\/sutusummit.com\\\/es\\\/acerca-de\\\/#primaryimage\"},\"image\":{\"@id\":\"https:\\\/\\\/sutusummit.com\\\/es\\\/acerca-de\\\/#primaryimage\"},\"thumbnailUrl\":\"https:\\\/\\\/sutusummit.com\\\/web\\\/wp-content\\\/uploads\\\/2021\\\/08\\\/iStock-1198099008-scaled.jpg\",\"datePublished\":\"2018-12-10T15:00:51+00:00\",\"dateModified\":\"2022-06-03T07:14:20+00:00\",\"breadcrumb\":{\"@id\":\"https:\\\/\\\/sutusummit.com\\\/es\\\/acerca-de\\\/#breadcrumb\"},\"inLanguage\":\"es\",\"potentialAction\":[{\"@type\":\"ReadAction\",\"target\":[\"https:\\\/\\\/sutusummit.com\\\/es\\\/acerca-de\\\/\"]}]},{\"@type\":\"ImageObject\",\"inLanguage\":\"es\",\"@id\":\"https:\\\/\\\/sutusummit.com\\\/es\\\/acerca-de\\\/#primaryimage\",\"url\":\"https:\\\/\\\/sutusummit.com\\\/web\\\/wp-content\\\/uploads\\\/2021\\\/08\\\/iStock-1198099008-scaled.jpg\",\"contentUrl\":\"https:\\\/\\\/sutusummit.com\\\/web\\\/wp-content\\\/uploads\\\/2021\\\/08\\\/iStock-1198099008-scaled.jpg\",\"width\":2560,\"height\":1707,\"caption\":\"Solar system planets in a row, asteroid rain, comet, sun, dust and star. Giant luminous light ring. Science and education background. Elements of this image furnished by NASA. \\\/urls: https:\\\/\\\/solarsystem.nasa.gov\\\/resources\\\/678\\\/our-solar-system-artists-concept\\\/ https:\\\/\\\/images.nasa.gov\\\/details-PIA16610.html https:\\\/\\\/images-assets.nasa.gov\\\/image\\\/PIA06939\\\/PIA06939~orig.jpg https:\\\/\\\/images.nasa.gov\\\/details-PIA06939.html\"},{\"@type\":\"BreadcrumbList\",\"@id\":\"https:\\\/\\\/sutusummit.com\\\/es\\\/acerca-de\\\/#breadcrumb\",\"itemListElement\":[{\"@type\":\"ListItem\",\"position\":1,\"name\":\"Portada\",\"item\":\"https:\\\/\\\/sutusummit.com\\\/es\\\/\"},{\"@type\":\"ListItem\",\"position\":2,\"name\":\"Acerca de\"}]},{\"@type\":\"WebSite\",\"@id\":\"https:\\\/\\\/sutusummit.com\\\/#website\",\"url\":\"https:\\\/\\\/sutusummit.com\\\/\",\"name\":\"SUTUS\",\"description\":\"Space &amp; Underwater Tourism Universal Summit\",\"publisher\":{\"@id\":\"https:\\\/\\\/sutusummit.com\\\/#organization\"},\"potentialAction\":[{\"@type\":\"SearchAction\",\"target\":{\"@type\":\"EntryPoint\",\"urlTemplate\":\"https:\\\/\\\/sutusummit.com\\\/?s={search_term_string}\"},\"query-input\":{\"@type\":\"PropertyValueSpecification\",\"valueRequired\":true,\"valueName\":\"search_term_string\"}}],\"inLanguage\":\"es\"},{\"@type\":\"Organization\",\"@id\":\"https:\\\/\\\/sutusummit.com\\\/#organization\",\"name\":\"SUTUS\",\"url\":\"https:\\\/\\\/sutusummit.com\\\/\",\"logo\":{\"@type\":\"ImageObject\",\"inLanguage\":\"es\",\"@id\":\"https:\\\/\\\/sutusummit.com\\\/#\\\/schema\\\/logo\\\/image\\\/\",\"url\":\"https:\\\/\\\/sutusummit.com\\\/web\\\/wp-content\\\/uploads\\\/2019\\\/01\\\/sutuscolor.png\",\"contentUrl\":\"https:\\\/\\\/sutusummit.com\\\/web\\\/wp-content\\\/uploads\\\/2019\\\/01\\\/sutuscolor.png\",\"width\":268,\"height\":85,\"caption\":\"SUTUS\"},\"image\":{\"@id\":\"https:\\\/\\\/sutusummit.com\\\/#\\\/schema\\\/logo\\\/image\\\/\"}}]}<\/script>\n<!-- \/ Yoast SEO plugin. -->","yoast_head_json":{"title":"Acerca de - Space & Underwater Tourism Universal Summit","robots":{"index":"index","follow":"follow","max-snippet":"max-snippet:-1","max-image-preview":"max-image-preview:large","max-video-preview":"max-video-preview:-1"},"canonical":"https:\/\/sutusummit.com\/es\/acerca-de\/","og_locale":"es_ES","og_type":"article","og_title":"Acerca de - Space & Underwater Tourism Universal Summit","og_description":"\u00bfQU\u00c9 ES SUTUS? No hay mayor lujo que vivir experiencias realmente exclusivas SUTUS\u00a0es el primer evento que re\u00fane lo mejor del\u00a0Turismo Espacial\u00a0y del\u00a0Turismo Subacu\u00e1tico\u00a0a escala mundial. Al ser un evento sobre Turismo Espacial y Subacu\u00e1tico,\u00a0SUTUS\u00a0rompe los condicionamientos de las fronteras naturales superando los l\u00edmites m\u00e1s all\u00e1 de los continentes. SUTUS nace con la\u00a0vocaci\u00f3n de ser [&hellip;]","og_url":"https:\/\/sutusummit.com\/es\/acerca-de\/","og_site_name":"SUTUS","article_modified_time":"2022-06-03T07:14:20+00:00","og_image":[{"width":2560,"height":1707,"url":"https:\/\/sutusummit.com\/web\/wp-content\/uploads\/2021\/08\/iStock-1198099008-scaled.jpg","type":"image\/jpeg"}],"twitter_card":"summary_large_image","twitter_misc":{"Tiempo de lectura":"3 minutos"},"schema":{"@context":"https:\/\/schema.org","@graph":[{"@type":"WebPage","@id":"https:\/\/sutusummit.com\/es\/acerca-de\/","url":"https:\/\/sutusummit.com\/es\/acerca-de\/","name":"Acerca de - Space & Underwater Tourism Universal Summit","isPartOf":{"@id":"https:\/\/sutusummit.com\/#website"},"primaryImageOfPage":{"@id":"https:\/\/sutusummit.com\/es\/acerca-de\/#primaryimage"},"image":{"@id":"https:\/\/sutusummit.com\/es\/acerca-de\/#primaryimage"},"thumbnailUrl":"https:\/\/sutusummit.com\/web\/wp-content\/uploads\/2021\/08\/iStock-1198099008-scaled.jpg","datePublished":"2018-12-10T15:00:51+00:00","dateModified":"2022-06-03T07:14:20+00:00","breadcrumb":{"@id":"https:\/\/sutusummit.com\/es\/acerca-de\/#breadcrumb"},"inLanguage":"es","potentialAction":[{"@type":"ReadAction","target":["https:\/\/sutusummit.com\/es\/acerca-de\/"]}]},{"@type":"ImageObject","inLanguage":"es","@id":"https:\/\/sutusummit.com\/es\/acerca-de\/#primaryimage","url":"https:\/\/sutusummit.com\/web\/wp-content\/uploads\/2021\/08\/iStock-1198099008-scaled.jpg","contentUrl":"https:\/\/sutusummit.com\/web\/wp-content\/uploads\/2021\/08\/iStock-1198099008-scaled.jpg","width":2560,"height":1707,"caption":"Solar system planets in a row, asteroid rain, comet, sun, dust and star. Giant luminous light ring. Science and education background. Elements of this image furnished by NASA. \/urls: https:\/\/solarsystem.nasa.gov\/resources\/678\/our-solar-system-artists-concept\/ https:\/\/images.nasa.gov\/details-PIA16610.html https:\/\/images-assets.nasa.gov\/image\/PIA06939\/PIA06939~orig.jpg https:\/\/images.nasa.gov\/details-PIA06939.html"},{"@type":"BreadcrumbList","@id":"https:\/\/sutusummit.com\/es\/acerca-de\/#breadcrumb","itemListElement":[{"@type":"ListItem","position":1,"name":"Portada","item":"https:\/\/sutusummit.com\/es\/"},{"@type":"ListItem","position":2,"name":"Acerca de"}]},{"@type":"WebSite","@id":"https:\/\/sutusummit.com\/#website","url":"https:\/\/sutusummit.com\/","name":"SUTUS","description":"Space &amp; Underwater Tourism Universal Summit","publisher":{"@id":"https:\/\/sutusummit.com\/#organization"},"potentialAction":[{"@type":"SearchAction","target":{"@type":"EntryPoint","urlTemplate":"https:\/\/sutusummit.com\/?s={search_term_string}"},"query-input":{"@type":"PropertyValueSpecification","valueRequired":true,"valueName":"search_term_string"}}],"inLanguage":"es"},{"@type":"Organization","@id":"https:\/\/sutusummit.com\/#organization","name":"SUTUS","url":"https:\/\/sutusummit.com\/","logo":{"@type":"ImageObject","inLanguage":"es","@id":"https:\/\/sutusummit.com\/#\/schema\/logo\/image\/","url":"https:\/\/sutusummit.com\/web\/wp-content\/uploads\/2019\/01\/sutuscolor.png","contentUrl":"https:\/\/sutusummit.com\/web\/wp-content\/uploads\/2019\/01\/sutuscolor.png","width":268,"height":85,"caption":"SUTUS"},"image":{"@id":"https:\/\/sutusummit.com\/#\/schema\/logo\/image\/"}}]}},"_links":{"self":[{"href":"https:\/\/sutusummit.com\/es\/wp-json\/wp\/v2\/pages\/3433","targetHints":{"allow":["GET"]}}],"collection":[{"href":"https:\/\/sutusummit.com\/es\/wp-json\/wp\/v2\/pages"}],"about":[{"href":"https:\/\/sutusummit.com\/es\/wp-json\/wp\/v2\/types\/page"}],"author":[{"embeddable":true,"href":"https:\/\/sutusummit.com\/es\/wp-json\/wp\/v2\/users\/4"}],"replies":[{"embeddable":true,"href":"https:\/\/sutusummit.com\/es\/wp-json\/wp\/v2\/comments?post=3433"}],"version-history":[{"count":0,"href":"https:\/\/sutusummit.com\/es\/wp-json\/wp\/v2\/pages\/3433\/revisions"}],"wp:featuredmedia":[{"embeddable":true,"href":"https:\/\/sutusummit.com\/es\/wp-json\/wp\/v2\/media\/5117"}],"wp:attachment":[{"href":"https:\/\/sutusummit.com\/es\/wp-json\/wp\/v2\/media?parent=3433"}],"curies":[{"name":"wp","href":"https:\/\/api.w.org\/{rel}","templated":true}]}}