{"id":8262,"date":"2023-07-25T11:14:43","date_gmt":"2023-07-25T11:14:43","guid":{"rendered":"https:\/\/sutusummit.com\/?page_id=8262"},"modified":"2023-07-25T11:16:49","modified_gmt":"2023-07-25T11:16:49","slug":"les-roches","status":"publish","type":"page","link":"https:\/\/sutusummit.com\/es\/les-roches\/","title":{"rendered":"Les Roches"},"content":{"rendered":"<h2 style=\"text-align: center;\">Les Roches (Marbella, Espa\u00f1a &amp; Crans-Montana, Suiza)<\/h2>\n<h3 style=\"text-align: center;\">EL IMPULSOR PERFECTO, EL ANFITRI\u00d3N DE LA EXCELENCIA<\/h3>\n<p style=\"text-align: center;\"><strong>Una experiencia a medida para formar a los l\u00edderes del ma\u00f1ana en gesti\u00f3n hotelera<\/strong><\/p>\n<p>La esencia de <a href=\"https:\/\/lesroches.edu\/es\/\">Les Roches<\/a> &#8211; como lo ha sido durante casi 70 a\u00f1os &#8211; es ofrecer una educaci\u00f3n de clase mundial en la gesti\u00f3n de la hosteler\u00eda. Con un firme \u00e9nfasis en ofrecer oportunidades internacionales a nuestros estudiantes, estamos en perfecta sinton\u00eda con el negocio verdaderamente global de la hosteler\u00eda. Dentro y fuera del campus, abrimos sus corazones a nuevas culturas y sus mentes a nuevas ideas. Nuestros estudiantes aprenden a liderar en su propio estilo individual y con un apoyo personalizado que contin\u00faa en sus carreras.<\/p>\n<p>Lo demostramos<\/p>\n<p>\u2605 Alcanzando 5 Estrellas (Excelente) en el sistema de calificaci\u00f3n de educaci\u00f3n superior QS Stars, habiendo sido evaluados en al menos siete categor\u00edas, incluyendo la ense\u00f1anza, las instalaciones y la empleabilidad.<\/p>\n<p>\u2605 Proporcionamos itinerarios de estudio internacionales entre nuestros campus suizo y espa\u00f1ol, as\u00ed como con otras escuelas de nuestro grupo.<\/p>\n<p>\u2605 Ofrecer a los estudiantes la oportunidad de estudiar en dos de los destinos tur\u00edsticos de lujo m\u00e1s atractivos de Europa: Crans-Montana (Suiza) y Marbella (Espa\u00f1a).<\/p>\n<p>\u2605 Actividades fuera del campus que incluyen visitas a ciudades, pertenencia a clubes deportivos y actividades espec\u00edficas en complejos tur\u00edsticos (esqu\u00ed, vela, golf, senderismo, etc.).<\/p>\n<p>\u2605 Actividades fuera del campus, como visitas a ciudades, asociaci\u00f3n a clubes deportivos y actividades en complejos tur\u00edsticos (esqu\u00ed, vela, golf, senderismo, etc.).<\/p>\n<p>\u2605 Ofrecer una vida estudiantil verdaderamente excepcional, en la que cada estudiante pertenece a una \u00abcasa\u00bb y tiene acceso a 44 clubes y sociedades dirigidos por estudiantes y a m\u00e1s de 80 actividades deportivas y culturales en el campus cada semestre.<\/p>\n<p>\u2605 Crear la mayor \u00e1rea dedicada a la salud y el bienestar de todas las escuelas de hosteler\u00eda, para ayudar a los estudiantes en cuerpo y mente.<\/p>\n<p>\u2605 La prestaci\u00f3n de un servicio de conserjer\u00eda de 5 estrellas que cubre los servicios cotidianos (por ejemplo, lavander\u00eda, transporte) y las actividades de ocio (por ejemplo, deportes, viajes)<\/p>\n<p>\u2605 La excepcional diversidad de nuestra comunidad estudiantil, con alrededor de 100 nacionalidades diferentes en el campus y una proporci\u00f3n combinada del 85% (97% en Crans-Montana, 77% en Marbella) de estudiantes internacionales.<\/p>\n<p>\u2605 El n\u00famero limitado de alumnos por clase produce una ratio personal\/alumno excepcionalmente baja de 16:1, lo que se traduce en un mayor compromiso en clase y un apoyo al estudio m\u00e1s personalizado<\/p>\n<p>\u2605 Nuestra capacidad para atraer a m\u00e1s de 200 empresas de contrataci\u00f3n a nuestros campus, ya sea en persona o virtualmente, cada a\u00f1o.<\/p>\n<p>\u2605 Nuestra comunidad de antiguos alumnos altamente comprometida, que ahora cuenta con m\u00e1s de 16.000 personas<\/p>\n<p>\u2605 Compartir nuestra acreditaci\u00f3n NECHE con instituciones como Yale y Harvard<\/p>\n<p>\u2605 Abrimos nuevos caminos para una escuela de hosteler\u00eda al establecer Spark, nuestro \u00e1mbito de innovaci\u00f3n global, e integrarlo plenamente en nuestra cartera acad\u00e9mica<\/p>\n","protected":false},"excerpt":{"rendered":"<p>Les Roches (Marbella, Espa\u00f1a &amp; Crans-Montana, Suiza) EL IMPULSOR PERFECTO, EL ANFITRI\u00d3N DE LA EXCELENCIA Una experiencia a medida para formar a los l\u00edderes del ma\u00f1ana en gesti\u00f3n hotelera La esencia de Les Roches &#8211; como lo ha sido durante casi 70 a\u00f1os &#8211; es ofrecer una educaci\u00f3n de clase mundial en la gesti\u00f3n de [&hellip;]<\/p>\n","protected":false},"author":6,"featured_media":3581,"parent":0,"menu_order":0,"comment_status":"closed","ping_status":"closed","template":"","meta":{"_acf_changed":false,"footnotes":""},"class_list":["post-8262","page","type-page","status-publish","has-post-thumbnail","hentry"],"acf":[],"yoast_head":"<!-- This site is optimized with the Yoast SEO plugin v27.5 - https:\/\/yoast.com\/product\/yoast-seo-wordpress\/ -->\n<title>Les Roches - Space &amp; Underwater Tourism Universal Summit<\/title>\n<meta name=\"description\" content=\"Les Roches (Marbella, Espa\u00f1a &amp; Crans-Montana, Suiza), una experiencia a medida para formar a los l\u00edderes del ma\u00f1ana en gesti\u00f3n hotelera\" \/>\n<meta name=\"robots\" content=\"index, follow, max-snippet:-1, max-image-preview:large, max-video-preview:-1\" \/>\n<link rel=\"canonical\" href=\"https:\/\/sutusummit.com\/es\/les-roches\/\" \/>\n<meta property=\"og:locale\" content=\"es_ES\" \/>\n<meta property=\"og:type\" content=\"article\" \/>\n<meta property=\"og:title\" content=\"Les Roches - Space &amp; Underwater Tourism Universal Summit\" \/>\n<meta property=\"og:description\" content=\"Les Roches (Marbella, Espa\u00f1a &amp; Crans-Montana, Suiza), una experiencia a medida para formar a los l\u00edderes del ma\u00f1ana en gesti\u00f3n hotelera\" \/>\n<meta property=\"og:url\" content=\"https:\/\/sutusummit.com\/es\/les-roches\/\" \/>\n<meta property=\"og:site_name\" content=\"SUTUS\" \/>\n<meta property=\"article:modified_time\" content=\"2023-07-25T11:16:49+00:00\" \/>\n<meta property=\"og:image\" content=\"https:\/\/sutusummit.com\/web\/wp-content\/uploads\/2018\/11\/LesRochesMarbella.jpg\" \/>\n\t<meta property=\"og:image:width\" content=\"2030\" \/>\n\t<meta property=\"og:image:height\" content=\"1450\" \/>\n\t<meta property=\"og:image:type\" content=\"image\/jpeg\" \/>\n<meta name=\"twitter:card\" content=\"summary_large_image\" \/>\n<meta name=\"twitter:label1\" content=\"Tiempo de lectura\" \/>\n\t<meta name=\"twitter:data1\" content=\"3 minutos\" \/>\n<script type=\"application\/ld+json\" class=\"yoast-schema-graph\">{\"@context\":\"https:\\\/\\\/schema.org\",\"@graph\":[{\"@type\":\"WebPage\",\"@id\":\"https:\\\/\\\/sutusummit.com\\\/es\\\/les-roches\\\/\",\"url\":\"https:\\\/\\\/sutusummit.com\\\/es\\\/les-roches\\\/\",\"name\":\"Les Roches - Space & Underwater Tourism Universal Summit\",\"isPartOf\":{\"@id\":\"https:\\\/\\\/sutusummit.com\\\/#website\"},\"primaryImageOfPage\":{\"@id\":\"https:\\\/\\\/sutusummit.com\\\/es\\\/les-roches\\\/#primaryimage\"},\"image\":{\"@id\":\"https:\\\/\\\/sutusummit.com\\\/es\\\/les-roches\\\/#primaryimage\"},\"thumbnailUrl\":\"https:\\\/\\\/sutusummit.com\\\/web\\\/wp-content\\\/uploads\\\/2018\\\/11\\\/LesRochesMarbella.jpg\",\"datePublished\":\"2023-07-25T11:14:43+00:00\",\"dateModified\":\"2023-07-25T11:16:49+00:00\",\"description\":\"Les Roches (Marbella, Espa\u00f1a & Crans-Montana, Suiza), una experiencia a medida para formar a los l\u00edderes del ma\u00f1ana en gesti\u00f3n hotelera\",\"breadcrumb\":{\"@id\":\"https:\\\/\\\/sutusummit.com\\\/es\\\/les-roches\\\/#breadcrumb\"},\"inLanguage\":\"es\",\"potentialAction\":[{\"@type\":\"ReadAction\",\"target\":[\"https:\\\/\\\/sutusummit.com\\\/es\\\/les-roches\\\/\"]}]},{\"@type\":\"ImageObject\",\"inLanguage\":\"es\",\"@id\":\"https:\\\/\\\/sutusummit.com\\\/es\\\/les-roches\\\/#primaryimage\",\"url\":\"https:\\\/\\\/sutusummit.com\\\/web\\\/wp-content\\\/uploads\\\/2018\\\/11\\\/LesRochesMarbella.jpg\",\"contentUrl\":\"https:\\\/\\\/sutusummit.com\\\/web\\\/wp-content\\\/uploads\\\/2018\\\/11\\\/LesRochesMarbella.jpg\",\"width\":2030,\"height\":1450},{\"@type\":\"BreadcrumbList\",\"@id\":\"https:\\\/\\\/sutusummit.com\\\/es\\\/les-roches\\\/#breadcrumb\",\"itemListElement\":[{\"@type\":\"ListItem\",\"position\":1,\"name\":\"Portada\",\"item\":\"https:\\\/\\\/sutusummit.com\\\/es\\\/\"},{\"@type\":\"ListItem\",\"position\":2,\"name\":\"Les Roches\"}]},{\"@type\":\"WebSite\",\"@id\":\"https:\\\/\\\/sutusummit.com\\\/#website\",\"url\":\"https:\\\/\\\/sutusummit.com\\\/\",\"name\":\"SUTUS\",\"description\":\"Space &amp; Underwater Tourism Universal Summit\",\"publisher\":{\"@id\":\"https:\\\/\\\/sutusummit.com\\\/#organization\"},\"potentialAction\":[{\"@type\":\"SearchAction\",\"target\":{\"@type\":\"EntryPoint\",\"urlTemplate\":\"https:\\\/\\\/sutusummit.com\\\/?s={search_term_string}\"},\"query-input\":{\"@type\":\"PropertyValueSpecification\",\"valueRequired\":true,\"valueName\":\"search_term_string\"}}],\"inLanguage\":\"es\"},{\"@type\":\"Organization\",\"@id\":\"https:\\\/\\\/sutusummit.com\\\/#organization\",\"name\":\"SUTUS\",\"url\":\"https:\\\/\\\/sutusummit.com\\\/\",\"logo\":{\"@type\":\"ImageObject\",\"inLanguage\":\"es\",\"@id\":\"https:\\\/\\\/sutusummit.com\\\/#\\\/schema\\\/logo\\\/image\\\/\",\"url\":\"https:\\\/\\\/sutusummit.com\\\/web\\\/wp-content\\\/uploads\\\/2019\\\/01\\\/sutuscolor.png\",\"contentUrl\":\"https:\\\/\\\/sutusummit.com\\\/web\\\/wp-content\\\/uploads\\\/2019\\\/01\\\/sutuscolor.png\",\"width\":268,\"height\":85,\"caption\":\"SUTUS\"},\"image\":{\"@id\":\"https:\\\/\\\/sutusummit.com\\\/#\\\/schema\\\/logo\\\/image\\\/\"}}]}<\/script>\n<!-- \/ Yoast SEO plugin. -->","yoast_head_json":{"title":"Les Roches - Space & Underwater Tourism Universal Summit","description":"Les Roches (Marbella, Espa\u00f1a & Crans-Montana, Suiza), una experiencia a medida para formar a los l\u00edderes del ma\u00f1ana en gesti\u00f3n hotelera","robots":{"index":"index","follow":"follow","max-snippet":"max-snippet:-1","max-image-preview":"max-image-preview:large","max-video-preview":"max-video-preview:-1"},"canonical":"https:\/\/sutusummit.com\/es\/les-roches\/","og_locale":"es_ES","og_type":"article","og_title":"Les Roches - Space & Underwater Tourism Universal Summit","og_description":"Les Roches (Marbella, Espa\u00f1a & Crans-Montana, Suiza), una experiencia a medida para formar a los l\u00edderes del ma\u00f1ana en gesti\u00f3n hotelera","og_url":"https:\/\/sutusummit.com\/es\/les-roches\/","og_site_name":"SUTUS","article_modified_time":"2023-07-25T11:16:49+00:00","og_image":[{"width":2030,"height":1450,"url":"https:\/\/sutusummit.com\/web\/wp-content\/uploads\/2018\/11\/LesRochesMarbella.jpg","type":"image\/jpeg"}],"twitter_card":"summary_large_image","twitter_misc":{"Tiempo de lectura":"3 minutos"},"schema":{"@context":"https:\/\/schema.org","@graph":[{"@type":"WebPage","@id":"https:\/\/sutusummit.com\/es\/les-roches\/","url":"https:\/\/sutusummit.com\/es\/les-roches\/","name":"Les Roches - Space & Underwater Tourism Universal Summit","isPartOf":{"@id":"https:\/\/sutusummit.com\/#website"},"primaryImageOfPage":{"@id":"https:\/\/sutusummit.com\/es\/les-roches\/#primaryimage"},"image":{"@id":"https:\/\/sutusummit.com\/es\/les-roches\/#primaryimage"},"thumbnailUrl":"https:\/\/sutusummit.com\/web\/wp-content\/uploads\/2018\/11\/LesRochesMarbella.jpg","datePublished":"2023-07-25T11:14:43+00:00","dateModified":"2023-07-25T11:16:49+00:00","description":"Les Roches (Marbella, Espa\u00f1a & Crans-Montana, Suiza), una experiencia a medida para formar a los l\u00edderes del ma\u00f1ana en gesti\u00f3n hotelera","breadcrumb":{"@id":"https:\/\/sutusummit.com\/es\/les-roches\/#breadcrumb"},"inLanguage":"es","potentialAction":[{"@type":"ReadAction","target":["https:\/\/sutusummit.com\/es\/les-roches\/"]}]},{"@type":"ImageObject","inLanguage":"es","@id":"https:\/\/sutusummit.com\/es\/les-roches\/#primaryimage","url":"https:\/\/sutusummit.com\/web\/wp-content\/uploads\/2018\/11\/LesRochesMarbella.jpg","contentUrl":"https:\/\/sutusummit.com\/web\/wp-content\/uploads\/2018\/11\/LesRochesMarbella.jpg","width":2030,"height":1450},{"@type":"BreadcrumbList","@id":"https:\/\/sutusummit.com\/es\/les-roches\/#breadcrumb","itemListElement":[{"@type":"ListItem","position":1,"name":"Portada","item":"https:\/\/sutusummit.com\/es\/"},{"@type":"ListItem","position":2,"name":"Les Roches"}]},{"@type":"WebSite","@id":"https:\/\/sutusummit.com\/#website","url":"https:\/\/sutusummit.com\/","name":"SUTUS","description":"Space &amp; Underwater Tourism Universal Summit","publisher":{"@id":"https:\/\/sutusummit.com\/#organization"},"potentialAction":[{"@type":"SearchAction","target":{"@type":"EntryPoint","urlTemplate":"https:\/\/sutusummit.com\/?s={search_term_string}"},"query-input":{"@type":"PropertyValueSpecification","valueRequired":true,"valueName":"search_term_string"}}],"inLanguage":"es"},{"@type":"Organization","@id":"https:\/\/sutusummit.com\/#organization","name":"SUTUS","url":"https:\/\/sutusummit.com\/","logo":{"@type":"ImageObject","inLanguage":"es","@id":"https:\/\/sutusummit.com\/#\/schema\/logo\/image\/","url":"https:\/\/sutusummit.com\/web\/wp-content\/uploads\/2019\/01\/sutuscolor.png","contentUrl":"https:\/\/sutusummit.com\/web\/wp-content\/uploads\/2019\/01\/sutuscolor.png","width":268,"height":85,"caption":"SUTUS"},"image":{"@id":"https:\/\/sutusummit.com\/#\/schema\/logo\/image\/"}}]}},"_links":{"self":[{"href":"https:\/\/sutusummit.com\/es\/wp-json\/wp\/v2\/pages\/8262","targetHints":{"allow":["GET"]}}],"collection":[{"href":"https:\/\/sutusummit.com\/es\/wp-json\/wp\/v2\/pages"}],"about":[{"href":"https:\/\/sutusummit.com\/es\/wp-json\/wp\/v2\/types\/page"}],"author":[{"embeddable":true,"href":"https:\/\/sutusummit.com\/es\/wp-json\/wp\/v2\/users\/6"}],"replies":[{"embeddable":true,"href":"https:\/\/sutusummit.com\/es\/wp-json\/wp\/v2\/comments?post=8262"}],"version-history":[{"count":0,"href":"https:\/\/sutusummit.com\/es\/wp-json\/wp\/v2\/pages\/8262\/revisions"}],"wp:featuredmedia":[{"embeddable":true,"href":"https:\/\/sutusummit.com\/es\/wp-json\/wp\/v2\/media\/3581"}],"wp:attachment":[{"href":"https:\/\/sutusummit.com\/es\/wp-json\/wp\/v2\/media?parent=8262"}],"curies":[{"name":"wp","href":"https:\/\/api.w.org\/{rel}","templated":true}]}}