{"id":9233,"date":"2024-02-09T16:08:15","date_gmt":"2024-02-09T16:08:15","guid":{"rendered":"https:\/\/sutusummit.com\/?page_id=9233"},"modified":"2024-02-09T16:10:25","modified_gmt":"2024-02-09T16:10:25","slug":"registro-virtual","status":"publish","type":"page","link":"https:\/\/sutusummit.com\/es\/registro-2024\/registro-virtual\/","title":{"rendered":"Registro Virtual"},"content":{"rendered":"<h2 style=\"text-align: center;\">SUTUS 2024<\/h2>\n<p style=\"text-align: center;\"><strong>24, 25 &amp; 26 de septiembre<\/strong><b><br \/>\n<\/b><\/p>\n<p><iframe loading=\"lazy\" src=\"https:\/\/tpv.thenewtechobservatory.com\/registro2017.aspx?idp=14bfa6bb14875e45bba028a21ed38046\" width=\"100%\" height=\"1120px\" frameborder=\"0\" scrolling=\"no\" allowfullscreen=\"allowfullscreen\"><span data-mce-type=\"bookmark\" style=\"display: inline-block; width: 0px; overflow: hidden; line-height: 0;\" class=\"mce_SELRES_start\">\ufeff<\/span><span data-mce-type=\"bookmark\" style=\"display: inline-block; width: 0px; overflow: hidden; line-height: 0;\" class=\"mce_SELRES_start\">\ufeff<\/span><span data-mce-type=\"bookmark\" style=\"display: inline-block; width: 0px; overflow: hidden; line-height: 0;\" class=\"mce_SELRES_start\">\ufeff<\/span><span data-mce-type=\"bookmark\" style=\"display: inline-block; width: 0px; overflow: hidden; line-height: 0;\" class=\"mce_SELRES_start\">\ufeff<\/span><\/iframe><\/p>\n<hr \/>\n<p><span style=\"font-weight: 400;\">El registro virtual incluye acceso a:<\/span><\/p>\n<ul>\n<li aria-level=\"1\"><b>Streaming en directo &amp; VOD<br \/>\n<\/b>Accede a todas las sesiones por streaming en directo. Tambi\u00e9n estar\u00e1n disponibles en video bajo demanda (VOD) nada m\u00e1s haberse emitido<\/li>\n<li aria-level=\"1\"><b>Demos virtuales<br \/>\n<\/b>Accede a todas las demos online<\/li>\n<li aria-level=\"1\"><b>Networking<br \/>\n<\/b>Aprovecha tu propia herramienta de networking para poder conectar con los participantes y organizar v\u00eddeo-reuniones<\/li>\n<li aria-level=\"1\"><b>Sesiones adicionales<br \/>\n<\/b>Consulta las conferencias de anteriores ediciones de SUTUS<\/li>\n<\/ul>\n","protected":false},"excerpt":{"rendered":"<p>SUTUS 2024 24, 25 &amp; 26 de septiembre \ufeff\ufeff\ufeff\ufeff El registro virtual incluye acceso a: Streaming en directo &amp; VOD Accede a todas las sesiones por streaming en directo. Tambi\u00e9n estar\u00e1n disponibles en video bajo demanda (VOD) nada m\u00e1s haberse emitido Demos virtuales Accede a todas las demos online Networking Aprovecha tu propia herramienta de [&hellip;]<\/p>\n","protected":false},"author":6,"featured_media":6916,"parent":9229,"menu_order":17,"comment_status":"closed","ping_status":"closed","template":"","meta":{"_acf_changed":false,"footnotes":""},"class_list":["post-9233","page","type-page","status-publish","has-post-thumbnail","hentry"],"acf":[],"yoast_head":"<!-- This site is optimized with the Yoast SEO plugin v27.5 - https:\/\/yoast.com\/product\/yoast-seo-wordpress\/ -->\n<title>Registro Virtual - Space &amp; Underwater Tourism Universal Summit<\/title>\n<meta name=\"robots\" content=\"index, follow, max-snippet:-1, max-image-preview:large, max-video-preview:-1\" \/>\n<link rel=\"canonical\" href=\"https:\/\/sutusummit.com\/es\/registro-2024\/registro-virtual\/\" \/>\n<meta property=\"og:locale\" content=\"es_ES\" \/>\n<meta property=\"og:type\" content=\"article\" \/>\n<meta property=\"og:title\" content=\"Registro Virtual - Space &amp; Underwater Tourism Universal Summit\" \/>\n<meta property=\"og:description\" content=\"SUTUS 2024 24, 25 &amp; 26 de septiembre \ufeff\ufeff\ufeff\ufeff El registro virtual incluye acceso a: Streaming en directo &amp; VOD Accede a todas las sesiones por streaming en directo. Tambi\u00e9n estar\u00e1n disponibles en video bajo demanda (VOD) nada m\u00e1s haberse emitido Demos virtuales Accede a todas las demos online Networking Aprovecha tu propia herramienta de [&hellip;]\" \/>\n<meta property=\"og:url\" content=\"https:\/\/sutusummit.com\/es\/registro-2024\/registro-virtual\/\" \/>\n<meta property=\"og:site_name\" content=\"SUTUS\" \/>\n<meta property=\"article:modified_time\" content=\"2024-02-09T16:10:25+00:00\" \/>\n<meta property=\"og:image\" content=\"https:\/\/sutusummit.com\/web\/wp-content\/uploads\/2022\/07\/20-1223-Voyager-Station-1.jpg\" \/>\n\t<meta property=\"og:image:width\" content=\"1920\" \/>\n\t<meta property=\"og:image:height\" content=\"1080\" \/>\n\t<meta property=\"og:image:type\" content=\"image\/jpeg\" \/>\n<meta name=\"twitter:card\" content=\"summary_large_image\" \/>\n<meta name=\"twitter:label1\" content=\"Tiempo de lectura\" \/>\n\t<meta name=\"twitter:data1\" content=\"1 minuto\" \/>\n<script type=\"application\/ld+json\" class=\"yoast-schema-graph\">{\"@context\":\"https:\\\/\\\/schema.org\",\"@graph\":[{\"@type\":\"WebPage\",\"@id\":\"https:\\\/\\\/sutusummit.com\\\/es\\\/registro-2024\\\/registro-virtual\\\/\",\"url\":\"https:\\\/\\\/sutusummit.com\\\/es\\\/registro-2024\\\/registro-virtual\\\/\",\"name\":\"Registro Virtual - Space & Underwater Tourism Universal Summit\",\"isPartOf\":{\"@id\":\"https:\\\/\\\/sutusummit.com\\\/#website\"},\"primaryImageOfPage\":{\"@id\":\"https:\\\/\\\/sutusummit.com\\\/es\\\/registro-2024\\\/registro-virtual\\\/#primaryimage\"},\"image\":{\"@id\":\"https:\\\/\\\/sutusummit.com\\\/es\\\/registro-2024\\\/registro-virtual\\\/#primaryimage\"},\"thumbnailUrl\":\"https:\\\/\\\/sutusummit.com\\\/web\\\/wp-content\\\/uploads\\\/2022\\\/07\\\/20-1223-Voyager-Station-1.jpg\",\"datePublished\":\"2024-02-09T16:08:15+00:00\",\"dateModified\":\"2024-02-09T16:10:25+00:00\",\"breadcrumb\":{\"@id\":\"https:\\\/\\\/sutusummit.com\\\/es\\\/registro-2024\\\/registro-virtual\\\/#breadcrumb\"},\"inLanguage\":\"es\",\"potentialAction\":[{\"@type\":\"ReadAction\",\"target\":[\"https:\\\/\\\/sutusummit.com\\\/es\\\/registro-2024\\\/registro-virtual\\\/\"]}]},{\"@type\":\"ImageObject\",\"inLanguage\":\"es\",\"@id\":\"https:\\\/\\\/sutusummit.com\\\/es\\\/registro-2024\\\/registro-virtual\\\/#primaryimage\",\"url\":\"https:\\\/\\\/sutusummit.com\\\/web\\\/wp-content\\\/uploads\\\/2022\\\/07\\\/20-1223-Voyager-Station-1.jpg\",\"contentUrl\":\"https:\\\/\\\/sutusummit.com\\\/web\\\/wp-content\\\/uploads\\\/2022\\\/07\\\/20-1223-Voyager-Station-1.jpg\",\"width\":1920,\"height\":1080},{\"@type\":\"BreadcrumbList\",\"@id\":\"https:\\\/\\\/sutusummit.com\\\/es\\\/registro-2024\\\/registro-virtual\\\/#breadcrumb\",\"itemListElement\":[{\"@type\":\"ListItem\",\"position\":1,\"name\":\"Portada\",\"item\":\"https:\\\/\\\/sutusummit.com\\\/es\\\/\"},{\"@type\":\"ListItem\",\"position\":2,\"name\":\"REGISTRO 2024\",\"item\":\"https:\\\/\\\/sutusummit.com\\\/es\\\/registro-2024\\\/\"},{\"@type\":\"ListItem\",\"position\":3,\"name\":\"Registro Virtual\"}]},{\"@type\":\"WebSite\",\"@id\":\"https:\\\/\\\/sutusummit.com\\\/#website\",\"url\":\"https:\\\/\\\/sutusummit.com\\\/\",\"name\":\"SUTUS\",\"description\":\"Space &amp; Underwater Tourism Universal Summit\",\"publisher\":{\"@id\":\"https:\\\/\\\/sutusummit.com\\\/#organization\"},\"potentialAction\":[{\"@type\":\"SearchAction\",\"target\":{\"@type\":\"EntryPoint\",\"urlTemplate\":\"https:\\\/\\\/sutusummit.com\\\/?s={search_term_string}\"},\"query-input\":{\"@type\":\"PropertyValueSpecification\",\"valueRequired\":true,\"valueName\":\"search_term_string\"}}],\"inLanguage\":\"es\"},{\"@type\":\"Organization\",\"@id\":\"https:\\\/\\\/sutusummit.com\\\/#organization\",\"name\":\"SUTUS\",\"url\":\"https:\\\/\\\/sutusummit.com\\\/\",\"logo\":{\"@type\":\"ImageObject\",\"inLanguage\":\"es\",\"@id\":\"https:\\\/\\\/sutusummit.com\\\/#\\\/schema\\\/logo\\\/image\\\/\",\"url\":\"https:\\\/\\\/sutusummit.com\\\/web\\\/wp-content\\\/uploads\\\/2019\\\/01\\\/sutuscolor.png\",\"contentUrl\":\"https:\\\/\\\/sutusummit.com\\\/web\\\/wp-content\\\/uploads\\\/2019\\\/01\\\/sutuscolor.png\",\"width\":268,\"height\":85,\"caption\":\"SUTUS\"},\"image\":{\"@id\":\"https:\\\/\\\/sutusummit.com\\\/#\\\/schema\\\/logo\\\/image\\\/\"}}]}<\/script>\n<!-- \/ Yoast SEO plugin. -->","yoast_head_json":{"title":"Registro Virtual - Space & Underwater Tourism Universal Summit","robots":{"index":"index","follow":"follow","max-snippet":"max-snippet:-1","max-image-preview":"max-image-preview:large","max-video-preview":"max-video-preview:-1"},"canonical":"https:\/\/sutusummit.com\/es\/registro-2024\/registro-virtual\/","og_locale":"es_ES","og_type":"article","og_title":"Registro Virtual - Space & Underwater Tourism Universal Summit","og_description":"SUTUS 2024 24, 25 &amp; 26 de septiembre \ufeff\ufeff\ufeff\ufeff El registro virtual incluye acceso a: Streaming en directo &amp; VOD Accede a todas las sesiones por streaming en directo. Tambi\u00e9n estar\u00e1n disponibles en video bajo demanda (VOD) nada m\u00e1s haberse emitido Demos virtuales Accede a todas las demos online Networking Aprovecha tu propia herramienta de [&hellip;]","og_url":"https:\/\/sutusummit.com\/es\/registro-2024\/registro-virtual\/","og_site_name":"SUTUS","article_modified_time":"2024-02-09T16:10:25+00:00","og_image":[{"width":1920,"height":1080,"url":"https:\/\/sutusummit.com\/web\/wp-content\/uploads\/2022\/07\/20-1223-Voyager-Station-1.jpg","type":"image\/jpeg"}],"twitter_card":"summary_large_image","twitter_misc":{"Tiempo de lectura":"1 minuto"},"schema":{"@context":"https:\/\/schema.org","@graph":[{"@type":"WebPage","@id":"https:\/\/sutusummit.com\/es\/registro-2024\/registro-virtual\/","url":"https:\/\/sutusummit.com\/es\/registro-2024\/registro-virtual\/","name":"Registro Virtual - Space & Underwater Tourism Universal Summit","isPartOf":{"@id":"https:\/\/sutusummit.com\/#website"},"primaryImageOfPage":{"@id":"https:\/\/sutusummit.com\/es\/registro-2024\/registro-virtual\/#primaryimage"},"image":{"@id":"https:\/\/sutusummit.com\/es\/registro-2024\/registro-virtual\/#primaryimage"},"thumbnailUrl":"https:\/\/sutusummit.com\/web\/wp-content\/uploads\/2022\/07\/20-1223-Voyager-Station-1.jpg","datePublished":"2024-02-09T16:08:15+00:00","dateModified":"2024-02-09T16:10:25+00:00","breadcrumb":{"@id":"https:\/\/sutusummit.com\/es\/registro-2024\/registro-virtual\/#breadcrumb"},"inLanguage":"es","potentialAction":[{"@type":"ReadAction","target":["https:\/\/sutusummit.com\/es\/registro-2024\/registro-virtual\/"]}]},{"@type":"ImageObject","inLanguage":"es","@id":"https:\/\/sutusummit.com\/es\/registro-2024\/registro-virtual\/#primaryimage","url":"https:\/\/sutusummit.com\/web\/wp-content\/uploads\/2022\/07\/20-1223-Voyager-Station-1.jpg","contentUrl":"https:\/\/sutusummit.com\/web\/wp-content\/uploads\/2022\/07\/20-1223-Voyager-Station-1.jpg","width":1920,"height":1080},{"@type":"BreadcrumbList","@id":"https:\/\/sutusummit.com\/es\/registro-2024\/registro-virtual\/#breadcrumb","itemListElement":[{"@type":"ListItem","position":1,"name":"Portada","item":"https:\/\/sutusummit.com\/es\/"},{"@type":"ListItem","position":2,"name":"REGISTRO 2024","item":"https:\/\/sutusummit.com\/es\/registro-2024\/"},{"@type":"ListItem","position":3,"name":"Registro Virtual"}]},{"@type":"WebSite","@id":"https:\/\/sutusummit.com\/#website","url":"https:\/\/sutusummit.com\/","name":"SUTUS","description":"Space &amp; Underwater Tourism Universal Summit","publisher":{"@id":"https:\/\/sutusummit.com\/#organization"},"potentialAction":[{"@type":"SearchAction","target":{"@type":"EntryPoint","urlTemplate":"https:\/\/sutusummit.com\/?s={search_term_string}"},"query-input":{"@type":"PropertyValueSpecification","valueRequired":true,"valueName":"search_term_string"}}],"inLanguage":"es"},{"@type":"Organization","@id":"https:\/\/sutusummit.com\/#organization","name":"SUTUS","url":"https:\/\/sutusummit.com\/","logo":{"@type":"ImageObject","inLanguage":"es","@id":"https:\/\/sutusummit.com\/#\/schema\/logo\/image\/","url":"https:\/\/sutusummit.com\/web\/wp-content\/uploads\/2019\/01\/sutuscolor.png","contentUrl":"https:\/\/sutusummit.com\/web\/wp-content\/uploads\/2019\/01\/sutuscolor.png","width":268,"height":85,"caption":"SUTUS"},"image":{"@id":"https:\/\/sutusummit.com\/#\/schema\/logo\/image\/"}}]}},"_links":{"self":[{"href":"https:\/\/sutusummit.com\/es\/wp-json\/wp\/v2\/pages\/9233","targetHints":{"allow":["GET"]}}],"collection":[{"href":"https:\/\/sutusummit.com\/es\/wp-json\/wp\/v2\/pages"}],"about":[{"href":"https:\/\/sutusummit.com\/es\/wp-json\/wp\/v2\/types\/page"}],"author":[{"embeddable":true,"href":"https:\/\/sutusummit.com\/es\/wp-json\/wp\/v2\/users\/6"}],"replies":[{"embeddable":true,"href":"https:\/\/sutusummit.com\/es\/wp-json\/wp\/v2\/comments?post=9233"}],"version-history":[{"count":0,"href":"https:\/\/sutusummit.com\/es\/wp-json\/wp\/v2\/pages\/9233\/revisions"}],"up":[{"embeddable":true,"href":"https:\/\/sutusummit.com\/es\/wp-json\/wp\/v2\/pages\/9229"}],"wp:featuredmedia":[{"embeddable":true,"href":"https:\/\/sutusummit.com\/es\/wp-json\/wp\/v2\/media\/6916"}],"wp:attachment":[{"href":"https:\/\/sutusummit.com\/es\/wp-json\/wp\/v2\/media?parent=9233"}],"curies":[{"name":"wp","href":"https:\/\/api.w.org\/{rel}","templated":true}]}}